{"id":1149,"date":"2020-12-05T22:18:51","date_gmt":"2020-12-06T00:18:51","guid":{"rendered":"http:\/\/institutoruthguimaraes.org.br\/site\/?page_id=1149"},"modified":"2020-12-05T23:05:53","modified_gmt":"2020-12-06T01:05:53","slug":"estatuto","status":"publish","type":"page","link":"https:\/\/institutoruthguimaraes.org.br\/site\/estatuto\/","title":{"rendered":"ESTATUTO"},"content":{"rendered":"<div id=\"pl-1149\"  class=\"panel-layout\" ><div id=\"pg-1149-0\"  class=\"panel-grid panel-no-style\" ><div id=\"pgc-1149-0-0\"  class=\"panel-grid-cell\" ><div id=\"panel-1149-0-0-0\" class=\"so-panel widget widget_sow-editor panel-first-child panel-last-child\" data-index=\"0\" ><div\n\t\t\t\n\t\t\tclass=\"so-widget-sow-editor so-widget-sow-editor-base\"\n\t\t\t\n\t\t>\n<div class=\"siteorigin-widget-tinymce textwidget\">\n\t<p>Cultura \u00e9 uma quest\u00e3o universal. \u00c9 preciso ter direito \u00e0 cultura, de escolher uma cultura, \u00e0 sua cultura ou \u00e0 diferen\u00e7a cultural e de poder participar da vida cultural da comunidade. Criar este espa\u00e7o, o Instituto Ruth Guimar\u00e3es, \u00e9 contemplar todos esses direitos. Exatamente por isso foram regulamentados estes estatutos, que deixamos p\u00fablicos.<\/p>\n<p><a href=\"http:\/\/institutoruthguimaraes.org.br\/site\/wp-content\/uploads\/2020\/12\/Estatutos-registrados.pdf\" target=\"_blank\" rel=\"noopener noreferrer\">Clique aqui para baixar o estatuto<\/a><\/p>\n<\/div>\n<\/div><\/div><\/div><\/div><\/div>","protected":false},"excerpt":{"rendered":"<p>Cultura \u00e9 uma quest\u00e3o universal. \u00c9 preciso ter direito \u00e0 cultura, de escolher uma cultura, \u00e0 sua cultura ou \u00e0 diferen\u00e7a cultural e de poder participar da vida cultural da comunidade. Criar este espa\u00e7o, o Instituto Ruth Guimar\u00e3es, \u00e9 contemplar todos esses direitos. Exatamente por isso foram regulamentados estes estatutos, que deixamos p\u00fablicos. Clique aqui [&hellip;]<\/p>\n","protected":false},"author":1,"featured_media":0,"parent":0,"menu_order":0,"comment_status":"closed","ping_status":"closed","template":"","meta":{"_monsterinsights_skip_tracking":false,"_monsterinsights_sitenote_active":false,"_monsterinsights_sitenote_note":"","_monsterinsights_sitenote_category":0,"footnotes":""},"class_list":["post-1149","page","type-page","status-publish","hentry","post"],"_links":{"self":[{"href":"https:\/\/institutoruthguimaraes.org.br\/site\/wp-json\/wp\/v2\/pages\/1149","targetHints":{"allow":["GET"]}}],"collection":[{"href":"https:\/\/institutoruthguimaraes.org.br\/site\/wp-json\/wp\/v2\/pages"}],"about":[{"href":"https:\/\/institutoruthguimaraes.org.br\/site\/wp-json\/wp\/v2\/types\/page"}],"author":[{"embeddable":true,"href":"https:\/\/institutoruthguimaraes.org.br\/site\/wp-json\/wp\/v2\/users\/1"}],"replies":[{"embeddable":true,"href":"https:\/\/institutoruthguimaraes.org.br\/site\/wp-json\/wp\/v2\/comments?post=1149"}],"version-history":[{"count":5,"href":"https:\/\/institutoruthguimaraes.org.br\/site\/wp-json\/wp\/v2\/pages\/1149\/revisions"}],"predecessor-version":[{"id":1156,"href":"https:\/\/institutoruthguimaraes.org.br\/site\/wp-json\/wp\/v2\/pages\/1149\/revisions\/1156"}],"wp:attachment":[{"href":"https:\/\/institutoruthguimaraes.org.br\/site\/wp-json\/wp\/v2\/media?parent=1149"}],"curies":[{"name":"wp","href":"https:\/\/api.w.org\/{rel}","templated":true}]}}