{"id":1427,"date":"2021-02-25T16:33:56","date_gmt":"2021-02-25T19:33:56","guid":{"rendered":"http:\/\/institutoruthguimaraes.org.br\/site\/?page_id=1427"},"modified":"2024-12-09T13:54:53","modified_gmt":"2024-12-09T16:54:53","slug":"catalogo-virtual","status":"publish","type":"page","link":"https:\/\/institutoruthguimaraes.org.br\/site\/catalogo-virtual\/","title":{"rendered":"CAT\u00c1LOGO VIRTUAL"},"content":{"rendered":"<div id=\"pl-1427\"  class=\"panel-layout\" ><div id=\"pg-1427-0\"  class=\"panel-grid panel-no-style\" ><div id=\"pgc-1427-0-0\"  class=\"panel-grid-cell\" ><div id=\"panel-1427-0-0-0\" class=\"so-panel widget widget_sow-editor panel-first-child panel-last-child\" data-index=\"0\" ><div\n\t\t\t\n\t\t\tclass=\"so-widget-sow-editor so-widget-sow-editor-base\"\n\t\t\t\n\t\t>\n<div class=\"siteorigin-widget-tinymce textwidget\">\n\t<p>O intuito do Instituto Ruth Guimar\u00e3es \u00e9 preservar e divulgar a obra de Ruth Guimar\u00e3es. O espa\u00e7o fica em Cachoeira Paulista, na Rua Carlos Pinto, 130, mas voc\u00ea pode pedir os seus livros preferidos de Ruth pelo whatsapp (11) 996429971 ou pelo e-mail <strong><a href=\"mailto:inrg1920@gmail.com\">inrg1920@gmail.com<\/a><\/strong>. Temos somente alguns exemplares de Filhos do Medo e Calidosc\u00f3pio, por exemplo - ent\u00e3o corra e garanta o seu!<\/p>\n<\/div>\n<\/div><\/div><\/div><\/div><div id=\"pg-1427-1\"  class=\"panel-grid panel-no-style\" ><div id=\"pgc-1427-1-0\"  class=\"panel-grid-cell\" ><div id=\"panel-1427-1-0-0\" class=\"so-panel widget widget_sow-editor panel-first-child panel-last-child\" data-index=\"1\" ><div\n\t\t\t\n\t\t\tclass=\"so-widget-sow-editor so-widget-sow-editor-base\"\n\t\t\t\n\t\t>\n<div class=\"siteorigin-widget-tinymce textwidget\">\n\t<p style=\"text-align: center;\"><img loading=\"lazy\" decoding=\"async\" class=\"aligncenter wp-image-1521\" src=\"http:\/\/institutoruthguimaraes.org.br\/site\/wp-content\/uploads\/2021\/03\/agua-funda-ruth-guimaraes-202x300.jpg\" alt=\"Ruth Guimar\u00e3es\" width=\"120\" height=\"179\" srcset=\"https:\/\/institutoruthguimaraes.org.br\/site\/wp-content\/uploads\/2021\/03\/agua-funda-ruth-guimaraes-202x300.jpg 202w, https:\/\/institutoruthguimaraes.org.br\/site\/wp-content\/uploads\/2021\/03\/agua-funda-ruth-guimaraes.jpg 336w\" sizes=\"auto, (max-width: 120px) 100vw, 120px\" title=\"\">\u00c1gua Funda - 3\u00aa Edi\u00e7\u00e3o<br \/>\nR$ 60,00 + taxas<\/p>\n<\/div>\n<\/div><\/div><\/div><div id=\"pgc-1427-1-1\"  class=\"panel-grid-cell\" ><div id=\"panel-1427-1-1-0\" class=\"so-panel widget widget_sow-editor panel-first-child panel-last-child\" data-index=\"2\" ><div\n\t\t\t\n\t\t\tclass=\"so-widget-sow-editor so-widget-sow-editor-base\"\n\t\t\t\n\t\t>\n<div class=\"siteorigin-widget-tinymce textwidget\">\n\t<p><img loading=\"lazy\" decoding=\"async\" class=\"wp-image-2526 aligncenter\" src=\"http:\/\/institutoruthguimaraes.org.br\/site\/wp-content\/uploads\/2024\/02\/historias-casa-velha.jpg\" alt=\"Ruth Guimar\u00e3es\" width=\"132\" height=\"177\" title=\"\"><\/p>\n<p style=\"text-align: center;\">Hist\u00f3rias da Casa Velha<br \/>\nR$ 70,00 + taxas<\/p>\n<\/div>\n<\/div><\/div><\/div><div id=\"pgc-1427-1-2\"  class=\"panel-grid-cell\" ><div id=\"panel-1427-1-2-0\" class=\"so-panel widget widget_sow-editor panel-first-child panel-last-child\" data-index=\"3\" ><div\n\t\t\t\n\t\t\tclass=\"so-widget-sow-editor so-widget-sow-editor-base\"\n\t\t\t\n\t\t>\n<div class=\"siteorigin-widget-tinymce textwidget\">\n\t<p><img loading=\"lazy\" decoding=\"async\" class=\"aligncenter wp-image-1573\" src=\"http:\/\/institutoruthguimaraes.org.br\/site\/wp-content\/uploads\/2021\/04\/as-maes-na-lenda-215x300.jpg\" alt=\"Ruth Guimar\u00e3es\" width=\"120\" height=\"167\" srcset=\"https:\/\/institutoruthguimaraes.org.br\/site\/wp-content\/uploads\/2021\/04\/as-maes-na-lenda-215x300.jpg 215w, https:\/\/institutoruthguimaraes.org.br\/site\/wp-content\/uploads\/2021\/04\/as-maes-na-lenda.jpg 300w\" sizes=\"auto, (max-width: 120px) 100vw, 120px\" title=\"\"><\/p>\n<p style=\"text-align: center;\">As m\u00e3es na lenda e na hist\u00f3ria<br \/>\nR$ 45,00 + taxas<\/p>\n<\/div>\n<\/div><\/div><\/div><div id=\"pgc-1427-1-3\"  class=\"panel-grid-cell\" ><div id=\"panel-1427-1-3-0\" class=\"so-panel widget widget_sow-editor panel-first-child panel-last-child\" data-index=\"4\" ><div\n\t\t\t\n\t\t\tclass=\"so-widget-sow-editor so-widget-sow-editor-base\"\n\t\t\t\n\t\t>\n<div class=\"siteorigin-widget-tinymce textwidget\">\n\t<p style=\"text-align: center;\"><img loading=\"lazy\" decoding=\"async\" class=\"wp-image-1531 aligncenter\" src=\"http:\/\/institutoruthguimaraes.org.br\/site\/wp-content\/uploads\/2021\/03\/historias-de-jabuti-208x300.jpg\" alt=\"Ruth Guimar\u00e3es\" width=\"120\" height=\"173\" srcset=\"https:\/\/institutoruthguimaraes.org.br\/site\/wp-content\/uploads\/2021\/03\/historias-de-jabuti-208x300.jpg 208w, https:\/\/institutoruthguimaraes.org.br\/site\/wp-content\/uploads\/2021\/03\/historias-de-jabuti.jpg 300w\" sizes=\"auto, (max-width: 120px) 100vw, 120px\" title=\"\">Hist\u00f3rias de Jabuti<br \/>\nR$ 30,00 + taxas<\/p>\n<\/div>\n<\/div><\/div><\/div><\/div><div id=\"pg-1427-2\"  class=\"panel-grid panel-no-style\" ><div id=\"pgc-1427-2-0\"  class=\"panel-grid-cell\" ><div id=\"panel-1427-2-0-0\" class=\"so-panel widget widget_sow-editor panel-first-child panel-last-child\" data-index=\"5\" ><div\n\t\t\t\n\t\t\tclass=\"so-widget-sow-editor so-widget-sow-editor-base\"\n\t\t\t\n\t\t>\n<div class=\"siteorigin-widget-tinymce textwidget\">\n\t<p style=\"text-align: center;\"><img loading=\"lazy\" decoding=\"async\" class=\"aligncenter wp-image-2035\" src=\"http:\/\/institutoruthguimaraes.org.br\/site\/wp-content\/uploads\/2023\/03\/dicMG-212x300.jpg\" alt=\"Ruth Guimar\u00e3es\" width=\"130\" height=\"184\" srcset=\"https:\/\/institutoruthguimaraes.org.br\/site\/wp-content\/uploads\/2023\/03\/dicMG-212x300.jpg 212w, https:\/\/institutoruthguimaraes.org.br\/site\/wp-content\/uploads\/2023\/03\/dicMG.jpg 330w\" sizes=\"auto, (max-width: 130px) 100vw, 130px\" title=\"\">Dicion\u00e1rio da Mitologia Grega<br \/>\nR$ 140,00 + taxas<\/p>\n<\/div>\n<\/div><\/div><\/div><div id=\"pgc-1427-2-1\"  class=\"panel-grid-cell\" ><div id=\"panel-1427-2-1-0\" class=\"so-panel widget widget_sow-editor panel-first-child panel-last-child\" data-index=\"6\" ><div\n\t\t\t\n\t\t\tclass=\"so-widget-sow-editor so-widget-sow-editor-base\"\n\t\t\t\n\t\t>\n<div class=\"siteorigin-widget-tinymce textwidget\">\n\t<p style=\"text-align: center;\"><img loading=\"lazy\" decoding=\"async\" class=\"aligncenter wp-image-1525\" src=\"http:\/\/institutoruthguimaraes.org.br\/site\/wp-content\/uploads\/2021\/03\/contos-indios-198x300.jpg\" alt=\"Ruth Guimar\u00e3es\" width=\"120\" height=\"182\" srcset=\"https:\/\/institutoruthguimaraes.org.br\/site\/wp-content\/uploads\/2021\/03\/contos-indios-198x300.jpg 198w, https:\/\/institutoruthguimaraes.org.br\/site\/wp-content\/uploads\/2021\/03\/contos-indios.jpg 330w\" sizes=\"auto, (max-width: 120px) 100vw, 120px\" title=\"\">Contos \u00cdndios<br \/>\nR$ 45,00 + taxas<\/p>\n<\/div>\n<\/div><\/div><\/div><div id=\"pgc-1427-2-2\"  class=\"panel-grid-cell\" ><div id=\"panel-1427-2-2-0\" class=\"so-panel widget widget_sow-editor panel-first-child panel-last-child\" data-index=\"7\" ><div\n\t\t\t\n\t\t\tclass=\"so-widget-sow-editor so-widget-sow-editor-base\"\n\t\t\t\n\t\t>\n<div class=\"siteorigin-widget-tinymce textwidget\">\n\t<p style=\"text-align: center;\"><img loading=\"lazy\" decoding=\"async\" class=\"aligncenter wp-image-2032\" src=\"http:\/\/institutoruthguimaraes.org.br\/site\/wp-content\/uploads\/2023\/03\/174fa834f20d4ee3691706e574510b27-209x300.webp\" alt=\"Ruth Guimar\u00e3es\" width=\"120\" height=\"172\" srcset=\"https:\/\/institutoruthguimaraes.org.br\/site\/wp-content\/uploads\/2023\/03\/174fa834f20d4ee3691706e574510b27-209x300.webp 209w, https:\/\/institutoruthguimaraes.org.br\/site\/wp-content\/uploads\/2023\/03\/174fa834f20d4ee3691706e574510b27.webp 391w\" sizes=\"auto, (max-width: 120px) 100vw, 120px\" title=\"\">Contos do C\u00e9u e da Terra<br \/>\nR$ 45,00 + taxas<\/p>\n<\/div>\n<\/div><\/div><\/div><div id=\"pgc-1427-2-3\"  class=\"panel-grid-cell\" ><div id=\"panel-1427-2-3-0\" class=\"so-panel widget widget_sow-editor panel-first-child panel-last-child\" data-index=\"8\" ><div\n\t\t\t\n\t\t\tclass=\"so-widget-sow-editor so-widget-sow-editor-base\"\n\t\t\t\n\t\t>\n<div class=\"siteorigin-widget-tinymce textwidget\">\n\t<p style=\"text-align: center;\"><img loading=\"lazy\" decoding=\"async\" class=\"aligncenter wp-image-1529\" src=\"http:\/\/institutoruthguimaraes.org.br\/site\/wp-content\/uploads\/2021\/03\/contos-negros-200x300.jpg\" alt=\"Ruth Guimar\u00e3es\" width=\"122\" height=\"183\" srcset=\"https:\/\/institutoruthguimaraes.org.br\/site\/wp-content\/uploads\/2021\/03\/contos-negros-200x300.jpg 200w, https:\/\/institutoruthguimaraes.org.br\/site\/wp-content\/uploads\/2021\/03\/contos-negros.jpg 332w\" sizes=\"auto, (max-width: 122px) 100vw, 122px\" title=\"\">Contos Negros<br \/>\nR$ 45,00 + taxas<\/p>\n<\/div>\n<\/div><\/div><\/div><\/div><div id=\"pg-1427-3\"  class=\"panel-grid panel-no-style\" ><div id=\"pgc-1427-3-0\"  class=\"panel-grid-cell\" ><div id=\"panel-1427-3-0-0\" class=\"so-panel widget widget_sow-editor panel-first-child panel-last-child\" data-index=\"9\" ><div\n\t\t\t\n\t\t\tclass=\"so-widget-sow-editor so-widget-sow-editor-base\"\n\t\t\t\n\t\t>\n<div class=\"siteorigin-widget-tinymce textwidget\">\n\t<p style=\"text-align: center;\"><img loading=\"lazy\" decoding=\"async\" class=\"aligncenter wp-image-1535\" src=\"http:\/\/institutoruthguimaraes.org.br\/site\/wp-content\/uploads\/2021\/03\/historias-de-onca-208x300.jpg\" alt=\"Ruth Guimar\u00e3es\" width=\"120\" height=\"173\" srcset=\"https:\/\/institutoruthguimaraes.org.br\/site\/wp-content\/uploads\/2021\/03\/historias-de-onca-208x300.jpg 208w, https:\/\/institutoruthguimaraes.org.br\/site\/wp-content\/uploads\/2021\/03\/historias-de-onca.jpg 300w\" sizes=\"auto, (max-width: 120px) 100vw, 120px\" title=\"\">Hist\u00f3rias de On\u00e7a<br \/>\nR$ 30,00 + taxas<\/p>\n<\/div>\n<\/div><\/div><\/div><div id=\"pgc-1427-3-1\"  class=\"panel-grid-cell\" ><div id=\"panel-1427-3-1-0\" class=\"so-panel widget widget_sow-editor panel-first-child panel-last-child\" data-index=\"10\" ><div\n\t\t\t\n\t\t\tclass=\"so-widget-sow-editor so-widget-sow-editor-base\"\n\t\t\t\n\t\t>\n<div class=\"siteorigin-widget-tinymce textwidget\">\n\t<p><img loading=\"lazy\" decoding=\"async\" class=\"aligncenter wp-image-1537\" src=\"http:\/\/institutoruthguimaraes.org.br\/site\/wp-content\/uploads\/2021\/03\/asno-de-ouro-210x300.jpg\" alt=\"Ruth Guimar\u00e3es\" width=\"120\" height=\"171\" srcset=\"https:\/\/institutoruthguimaraes.org.br\/site\/wp-content\/uploads\/2021\/03\/asno-de-ouro-210x300.jpg 210w, https:\/\/institutoruthguimaraes.org.br\/site\/wp-content\/uploads\/2021\/03\/asno-de-ouro-717x1024.jpg 717w, https:\/\/institutoruthguimaraes.org.br\/site\/wp-content\/uploads\/2021\/03\/asno-de-ouro-768x1097.jpg 768w, https:\/\/institutoruthguimaraes.org.br\/site\/wp-content\/uploads\/2021\/03\/asno-de-ouro-1075x1536.jpg 1075w, https:\/\/institutoruthguimaraes.org.br\/site\/wp-content\/uploads\/2021\/03\/asno-de-ouro-1434x2048.jpg 1434w, https:\/\/institutoruthguimaraes.org.br\/site\/wp-content\/uploads\/2021\/03\/asno-de-ouro.jpg 1792w\" sizes=\"auto, (max-width: 120px) 100vw, 120px\" title=\"\"><\/p>\n<p style=\"text-align: center;\">Asno de Ouro<br \/>\n(Tradu\u00e7\u00e3o de Ruth Guimar\u00e3es)<br \/>\nR$ 90,00 + taxas<\/p>\n<\/div>\n<\/div><\/div><\/div><div id=\"pgc-1427-3-2\"  class=\"panel-grid-cell panel-grid-cell-mobile-last\" ><div id=\"panel-1427-3-2-0\" class=\"so-panel widget widget_sow-editor panel-first-child panel-last-child\" data-index=\"11\" ><div\n\t\t\t\n\t\t\tclass=\"so-widget-sow-editor so-widget-sow-editor-base\"\n\t\t\t\n\t\t>\n<div class=\"siteorigin-widget-tinymce textwidget\">\n\t<p><img loading=\"lazy\" decoding=\"async\" class=\"aligncenter wp-image-1539\" src=\"http:\/\/institutoruthguimaraes.org.br\/site\/wp-content\/uploads\/2021\/03\/lendas-fabulas-do-brasil-182x300.jpg\" alt=\"Ruth Guimar\u00e3es\" width=\"120\" height=\"198\" srcset=\"https:\/\/institutoruthguimaraes.org.br\/site\/wp-content\/uploads\/2021\/03\/lendas-fabulas-do-brasil-182x300.jpg 182w, https:\/\/institutoruthguimaraes.org.br\/site\/wp-content\/uploads\/2021\/03\/lendas-fabulas-do-brasil.jpg 255w\" sizes=\"auto, (max-width: 120px) 100vw, 120px\" title=\"\"><\/p>\n<p style=\"text-align: center;\">Lendas e F\u00e1bulas do Brasil<br \/>\nR$ 45,00 + taxas<\/p>\n<\/div>\n<\/div><\/div><\/div><div id=\"pgc-1427-3-3\"  class=\"panel-grid-cell panel-grid-cell-empty\" ><\/div><\/div><div id=\"pg-1427-4\"  class=\"panel-grid panel-no-style\" ><div id=\"pgc-1427-4-0\"  class=\"panel-grid-cell\" ><div id=\"panel-1427-4-0-0\" class=\"so-panel widget widget_sow-editor panel-first-child panel-last-child\" data-index=\"12\" ><div\n\t\t\t\n\t\t\tclass=\"so-widget-sow-editor so-widget-sow-editor-base\"\n\t\t\t\n\t\t>\n<div class=\"siteorigin-widget-tinymce textwidget\">\n\t<p><img loading=\"lazy\" decoding=\"async\" class=\"aligncenter wp-image-1544\" src=\"http:\/\/institutoruthguimaraes.org.br\/site\/wp-content\/uploads\/2021\/03\/cronicas-ruth-guimaraes-205x300.jpg\" alt=\"Ruth Guimar\u00e3es\" width=\"120\" height=\"176\" srcset=\"https:\/\/institutoruthguimaraes.org.br\/site\/wp-content\/uploads\/2021\/03\/cronicas-ruth-guimaraes-205x300.jpg 205w, https:\/\/institutoruthguimaraes.org.br\/site\/wp-content\/uploads\/2021\/03\/cronicas-ruth-guimaraes.jpg 700w\" sizes=\"auto, (max-width: 120px) 100vw, 120px\" title=\"\"><\/p>\n<p style=\"text-align: center;\">Dona Ruth<br \/>\n(Cr\u00f4nicas de Ruth Guimar\u00e3es)<br \/>\nR$ 35,00 + taxas<\/p>\n<\/div>\n<\/div><\/div><\/div><div id=\"pgc-1427-4-1\"  class=\"panel-grid-cell\" ><div id=\"panel-1427-4-1-0\" class=\"so-panel widget widget_sow-editor panel-first-child panel-last-child\" data-index=\"13\" ><div\n\t\t\t\n\t\t\tclass=\"so-widget-sow-editor so-widget-sow-editor-base\"\n\t\t\t\n\t\t>\n<div class=\"siteorigin-widget-tinymce textwidget\">\n\t<p><img loading=\"lazy\" decoding=\"async\" class=\"aligncenter wp-image-1546\" src=\"http:\/\/institutoruthguimaraes.org.br\/site\/wp-content\/uploads\/2021\/03\/revista-angulo-ruth-205x300.jpg\" alt=\"Ruth Guimar\u00e3es\" width=\"120\" height=\"176\" srcset=\"https:\/\/institutoruthguimaraes.org.br\/site\/wp-content\/uploads\/2021\/03\/revista-angulo-ruth-205x300.jpg 205w, https:\/\/institutoruthguimaraes.org.br\/site\/wp-content\/uploads\/2021\/03\/revista-angulo-ruth.jpg 700w\" sizes=\"auto, (max-width: 120px) 100vw, 120px\" title=\"\"><\/p>\n<p style=\"text-align: center;\">Revista \u00c2ngulo sobre Ruth Guimar\u00e3es<br \/>\nR$ 40,00 + taxas<\/p>\n<\/div>\n<\/div><\/div><\/div><div id=\"pgc-1427-4-2\"  class=\"panel-grid-cell panel-grid-cell-empty panel-grid-cell-mobile-last\" ><\/div><div id=\"pgc-1427-4-3\"  class=\"panel-grid-cell panel-grid-cell-empty\" ><\/div><\/div><\/div>","protected":false},"excerpt":{"rendered":"<p>O intuito do Instituto Ruth Guimar\u00e3es \u00e9 preservar e divulgar a obra de Ruth Guimar\u00e3es. O espa\u00e7o fica em Cachoeira Paulista, na Rua Carlos Pinto, 130, mas voc\u00ea pode pedir os seus livros preferidos de Ruth pelo whatsapp (11) 996429971 ou pelo e-mail inrg1920@gmail.com. Temos somente alguns exemplares de Filhos do Medo e Calidosc\u00f3pio, por [&hellip;]<\/p>\n","protected":false},"author":1,"featured_media":0,"parent":0,"menu_order":0,"comment_status":"closed","ping_status":"closed","template":"","meta":{"_monsterinsights_skip_tracking":false,"_monsterinsights_sitenote_active":false,"_monsterinsights_sitenote_note":"","_monsterinsights_sitenote_category":0,"footnotes":""},"class_list":["post-1427","page","type-page","status-publish","hentry","post"],"_links":{"self":[{"href":"https:\/\/institutoruthguimaraes.org.br\/site\/wp-json\/wp\/v2\/pages\/1427","targetHints":{"allow":["GET"]}}],"collection":[{"href":"https:\/\/institutoruthguimaraes.org.br\/site\/wp-json\/wp\/v2\/pages"}],"about":[{"href":"https:\/\/institutoruthguimaraes.org.br\/site\/wp-json\/wp\/v2\/types\/page"}],"author":[{"embeddable":true,"href":"https:\/\/institutoruthguimaraes.org.br\/site\/wp-json\/wp\/v2\/users\/1"}],"replies":[{"embeddable":true,"href":"https:\/\/institutoruthguimaraes.org.br\/site\/wp-json\/wp\/v2\/comments?post=1427"}],"version-history":[{"count":44,"href":"https:\/\/institutoruthguimaraes.org.br\/site\/wp-json\/wp\/v2\/pages\/1427\/revisions"}],"predecessor-version":[{"id":2971,"href":"https:\/\/institutoruthguimaraes.org.br\/site\/wp-json\/wp\/v2\/pages\/1427\/revisions\/2971"}],"wp:attachment":[{"href":"https:\/\/institutoruthguimaraes.org.br\/site\/wp-json\/wp\/v2\/media?parent=1427"}],"curies":[{"name":"wp","href":"https:\/\/api.w.org\/{rel}","templated":true}]}}