{"id":1895,"date":"2022-10-04T12:04:47","date_gmt":"2022-10-04T15:04:47","guid":{"rendered":"http:\/\/institutoruthguimaraes.org.br\/site\/?page_id=1895"},"modified":"2026-04-08T11:36:29","modified_gmt":"2026-04-08T14:36:29","slug":"transparencia","status":"publish","type":"page","link":"https:\/\/institutoruthguimaraes.org.br\/site\/transparencia\/","title":{"rendered":"TRANSPAR\u00caNCIA"},"content":{"rendered":"<div id=\"pl-1895\"  class=\"panel-layout\" ><div id=\"pg-1895-0\"  class=\"panel-grid panel-no-style\" ><div id=\"pgc-1895-0-0\"  class=\"panel-grid-cell\" ><div id=\"panel-1895-0-0-0\" class=\"so-panel widget widget_sow-editor panel-first-child panel-last-child\" data-index=\"0\" ><div\n\t\t\t\n\t\t\tclass=\"so-widget-sow-editor so-widget-sow-editor-base\"\n\t\t\t\n\t\t>\n<div class=\"siteorigin-widget-tinymce textwidget\">\n\t<hr \/>\n<p style=\"text-align: center;\">A Lei n\u00ba 12.527\/2011 tem o prop\u00f3sito de regulamentar o direito constitucional de acesso dos cidad\u00e3os \u00e0s informa\u00e7\u00f5es p\u00fablicas e seus dispositivos, portanto s\u00e3o aplic\u00e1veis a essa Institui\u00e7\u00e3o.<\/p>\n<\/div>\n<\/div><\/div><\/div><\/div><div id=\"pg-1895-1\"  class=\"panel-grid panel-no-style\" ><div id=\"pgc-1895-1-0\"  class=\"panel-grid-cell\" ><div id=\"panel-1895-1-0-0\" class=\"so-panel widget widget_sow-editor panel-first-child panel-last-child\" data-index=\"1\" ><div\n\t\t\t\n\t\t\tclass=\"so-widget-sow-editor so-widget-sow-editor-base\"\n\t\t\t\n\t\t>\n<div class=\"siteorigin-widget-tinymce textwidget\">\n\t<p><strong><a href=\"http:\/\/institutoruthguimaraes.org.br\/site\/wp-content\/uploads\/2022\/10\/BALANCETE-ANUAL-ANALITICO-05.10.22-09.02.pdf\">Balancete<\/a><a href=\"http:\/\/institutoruthguimaraes.org.br\/site\/wp-content\/uploads\/2022\/10\/BALANCETE-ANUAL-ANALITICO-05.10.22-09.02.pdf\"> an<\/a><a href=\"http:\/\/institutoruthguimaraes.org.br\/site\/wp-content\/uploads\/2022\/10\/BALANCETE-ANUAL-ANALITICO-05.10.22-09.02.pdf\">ual<\/a><a href=\"http:\/\/institutoruthguimaraes.org.br\/site\/wp-content\/uploads\/2022\/10\/BALANCETE-ANUAL-ANALITICO-05.10.22-09.02.pdf\"> - 2020<\/a><\/strong><\/p>\n<p><strong><a href=\"http:\/\/institutoruthguimaraes.org.br\/site\/wp-content\/uploads\/2022\/10\/BALANCETE-ANUAL-ANALITICO-2021.pdf\">Balancete<\/a><a href=\"http:\/\/institutoruthguimaraes.org.br\/site\/wp-content\/uploads\/2022\/10\/BALANCETE-ANUAL-ANALITICO-2021.pdf\"> a<\/a><a href=\"http:\/\/institutoruthguimaraes.org.br\/site\/wp-content\/uploads\/2022\/10\/BALANCETE-ANUAL-ANALITICO-2021.pdf\">nual<\/a><a href=\"http:\/\/institutoruthguimaraes.org.br\/site\/wp-content\/uploads\/2022\/10\/BALANCETE-ANUAL-ANALITICO-2021.pdf\"> - 2021<\/a><\/strong><\/p>\n<p><strong><a href=\"http:\/\/institutoruthguimaraes.org.br\/site\/wp-content\/uploads\/2022\/10\/BALANCETE-ANUAL-ANALITICO-2021.pdf\">Balancete<\/a><a href=\"http:\/\/institutoruthguimaraes.org.br\/site\/wp-content\/uploads\/2022\/10\/BALANCETE-ANUAL-ANALITICO-2021.pdf\"> a<\/a><a href=\"http:\/\/institutoruthguimaraes.org.br\/site\/wp-content\/uploads\/2022\/10\/BALANCETE-ANUAL-ANALITICO-2021.pdf\">nual<\/a><a href=\"http:\/\/institutoruthguimaraes.org.br\/site\/wp-content\/uploads\/2024\/06\/BALANCETE-2022.pdf\"> - 2022<\/a><\/strong><\/p>\n<p><strong><a href=\"https:\/\/institutoruthguimaraes.org.br\/site\/wp-content\/uploads\/2025\/09\/ASS_BALANCO_2023_assinado.pdf\">Balancete anual - 2023<\/a><\/strong><\/p>\n<p><strong><a href=\"https:\/\/institutoruthguimaraes.org.br\/site\/wp-content\/uploads\/2025\/09\/ASS_BALANCO_2024_assinado.pdf\">Balancete anual - 2024<\/a><\/strong><\/p>\n<\/div>\n<\/div><\/div><\/div><div id=\"pgc-1895-1-1\"  class=\"panel-grid-cell\" ><div id=\"panel-1895-1-1-0\" class=\"so-panel widget widget_sow-editor panel-first-child panel-last-child\" data-index=\"2\" ><div\n\t\t\t\n\t\t\tclass=\"so-widget-sow-editor so-widget-sow-editor-base\"\n\t\t\t\n\t\t>\n<div class=\"siteorigin-widget-tinymce textwidget\">\n\t<p style=\"text-align: center;\"><strong><a href=\"https:\/\/institutoruthguimaraes.org.br\/site\/wp-content\/uploads\/2025\/09\/ASS_BALANCETE_ANALITICO_2023_assinado.pdf\">Balancete anal\u00edtico - 2023<\/a><\/strong><\/p>\n<p style=\"text-align: center;\"><strong><a href=\"https:\/\/institutoruthguimaraes.org.br\/site\/wp-content\/uploads\/2025\/09\/ASS_BALANCETE_ANALITICO_2024_assinado.pdf\">Balancete anal\u00edtico - 2024<\/a><\/strong><\/p>\n<\/div>\n<\/div><\/div><\/div><div id=\"pgc-1895-1-2\"  class=\"panel-grid-cell\" ><div id=\"panel-1895-1-2-0\" class=\"so-panel widget widget_sow-editor panel-first-child panel-last-child\" data-index=\"3\" ><div\n\t\t\t\n\t\t\tclass=\"so-widget-sow-editor so-widget-sow-editor-base\"\n\t\t\t\n\t\t>\n<div class=\"siteorigin-widget-tinymce textwidget\">\n\t<\/div>\n<\/div><\/div><\/div><\/div><\/div>","protected":false},"excerpt":{"rendered":"<p>A Lei n\u00ba 12.527\/2011 tem o prop\u00f3sito de regulamentar o direito constitucional de acesso dos cidad\u00e3os \u00e0s informa\u00e7\u00f5es p\u00fablicas e seus dispositivos, portanto s\u00e3o aplic\u00e1veis a essa Institui\u00e7\u00e3o. Balancete anual &#8211; 2020 Balancete anual &#8211; 2021 Balancete anual &#8211; 2022 Balancete anual &#8211; 2023 Balancete anual &#8211; 2024 Balancete anal\u00edtico &#8211; 2023 Balancete anal\u00edtico &#8211; [&hellip;]<\/p>\n","protected":false},"author":1,"featured_media":0,"parent":0,"menu_order":0,"comment_status":"closed","ping_status":"closed","template":"","meta":{"_monsterinsights_skip_tracking":false,"_monsterinsights_sitenote_active":false,"_monsterinsights_sitenote_note":"","_monsterinsights_sitenote_category":0,"footnotes":""},"class_list":["post-1895","page","type-page","status-publish","hentry","post"],"_links":{"self":[{"href":"https:\/\/institutoruthguimaraes.org.br\/site\/wp-json\/wp\/v2\/pages\/1895","targetHints":{"allow":["GET"]}}],"collection":[{"href":"https:\/\/institutoruthguimaraes.org.br\/site\/wp-json\/wp\/v2\/pages"}],"about":[{"href":"https:\/\/institutoruthguimaraes.org.br\/site\/wp-json\/wp\/v2\/types\/page"}],"author":[{"embeddable":true,"href":"https:\/\/institutoruthguimaraes.org.br\/site\/wp-json\/wp\/v2\/users\/1"}],"replies":[{"embeddable":true,"href":"https:\/\/institutoruthguimaraes.org.br\/site\/wp-json\/wp\/v2\/comments?post=1895"}],"version-history":[{"count":23,"href":"https:\/\/institutoruthguimaraes.org.br\/site\/wp-json\/wp\/v2\/pages\/1895\/revisions"}],"predecessor-version":[{"id":3352,"href":"https:\/\/institutoruthguimaraes.org.br\/site\/wp-json\/wp\/v2\/pages\/1895\/revisions\/3352"}],"wp:attachment":[{"href":"https:\/\/institutoruthguimaraes.org.br\/site\/wp-json\/wp\/v2\/media?parent=1895"}],"curies":[{"name":"wp","href":"https:\/\/api.w.org\/{rel}","templated":true}]}}