{"id":1998,"date":"2022-12-30T17:58:08","date_gmt":"2022-12-30T20:58:08","guid":{"rendered":"http:\/\/institutoruthguimaraes.org.br\/site\/?page_id=1998"},"modified":"2024-05-29T11:04:42","modified_gmt":"2024-05-29T14:04:42","slug":"historias-da-casa-velha","status":"publish","type":"page","link":"https:\/\/institutoruthguimaraes.org.br\/site\/historias-da-casa-velha\/","title":{"rendered":"Hist\u00f3rias da Casa Velha"},"content":{"rendered":"<div id=\"pl-1998\" class=\"panel-layout\">\n<div id=\"pg-1998-0\" class=\"panel-grid panel-no-style\" data-style=\"{&quot;background_image_attachment&quot;:false,&quot;background_display&quot;:&quot;tile&quot;,&quot;background_image_size&quot;:&quot;full&quot;,&quot;border_thickness&quot;:&quot;1px&quot;,&quot;cell_alignment&quot;:&quot;flex-start&quot;}\" data-ratio=\"1\" data-ratio-direction=\"right\">\n<div id=\"pgc-1998-0-0\" class=\"panel-grid-cell\" data-weight=\"1\">\n<div id=\"panel-1998-0-0-0\" class=\"so-panel widget widget_sow-editor panel-first-child panel-last-child\" data-index=\"0\" data-style=\"{&quot;background_image_attachment&quot;:false,&quot;background_display&quot;:&quot;tile&quot;,&quot;background_image_size&quot;:&quot;full&quot;,&quot;border_thickness&quot;:&quot;1px&quot;}\">\n<div class=\"so-widget-sow-editor so-widget-sow-editor-base\">\n<div class=\"siteorigin-widget-tinymce textwidget\">\n<h2>BIOGRAFIA E LEGADO DE RUTH GUIMAR\u00c3ES<\/h2>\n<div id=\"attachment_2000\" style=\"width: 203px\" class=\"wp-caption alignright\"><img loading=\"lazy\" decoding=\"async\" aria-describedby=\"caption-attachment-2000\" class=\"wp-image-2000 size-full\" title=\"Biografia de Ruth Guimar\u00e3es\" src=\"https:\/\/institutoruthguimaraes.org.br\/site\/wp-content\/uploads\/2022\/12\/capa-livro.png\" alt=\"Biografia de Ruth Guimar\u00e3es\" width=\"193\" height=\"274\" \/><p id=\"caption-attachment-2000\" class=\"wp-caption-text\">Biografia de Ruth Guimar\u00e3es<\/p><\/div>\n<p>Ruth Guimar\u00e3es (1920-2014) jamais teve uma biografia publicada, at\u00e9 agora. Seu legado de mais de 50 livros (romance, contos, tradu\u00e7\u00f5es, livros infanto-juvenis, pe\u00e7as de teatro e pesquisa folcl\u00f3rica) desperta quest\u00f5es de estudiosos de sua obra, porque, como dizia Antonio Candido \u2013 amigo de Ruth desde ambos muito jovens \u2013 a obra precisa estar inscrita no seu contexto sociol\u00f3gico.<br \/>\nOs filhos Joaquim Maria Botelho e J\u00fania Botelho dedicaram-se a pesquisar documenta\u00e7\u00f5es, cartas, depoimentos de pessoas contempor\u00e2neas \u00e0 escritor<\/p>\n<p>Biografia de Ruth Guimar\u00e3esa, para compor essa biografia amorosa, com apoio do ProAc \u2013 Programa de A\u00e7\u00e3o Cultural do governo do estado de S\u00e3o Paulo.<br \/>\nA obra foi lan\u00e7ada na FLIP 2022, e despertou a aten\u00e7\u00e3o de um grande n\u00famero de interessados na vida e obra de Ruth Guimar\u00e3es, principalmente porque seu livro \u201c\u00c1gua Funda\u201d ser\u00e1 leitura obrigat\u00f3ria nos vestibulares da Fuvest nos anos de 2025 e 2026.<\/p>\n<p>Para adquirir esta biografia completa da escritora Ruth Guimar\u00e3es, escrita por dois de seus filhos, com depoimentos, fotos hist\u00f3ricas, documentos e revela\u00e7\u00f5es, fazer contato com<br \/>\n<strong>Joaquim Maria Botelho \u2013 <a href=\"mailto:jmbotelho@uol.com.br\">jmbotelho@uol.com.br<\/a> ou whatsapp (11) 99655-8073<\/strong><br \/>\n<strong>J\u00fania Botelho \u2013 <a href=\"mailto:juniagbotelho@gmail.com\">juniagbotelho@gmail.com<\/a> ou whatsapp (11) 99642-9971<\/strong><\/p>\n<\/div>\n<\/div>\n<\/div>\n<\/div>\n<\/div>\n<\/div>\n","protected":false},"excerpt":{"rendered":"<p>BIOGRAFIA E LEGADO DE RUTH GUIMAR\u00c3ES Ruth Guimar\u00e3es (1920-2014) jamais teve uma biografia publicada, at\u00e9 agora. Seu legado de mais de 50 livros (romance, contos, tradu\u00e7\u00f5es, livros infanto-juvenis, pe\u00e7as de teatro e pesquisa folcl\u00f3rica) desperta quest\u00f5es de estudiosos de sua obra, porque, como dizia Antonio Candido \u2013 amigo de Ruth desde ambos muito jovens \u2013 [&hellip;]<\/p>\n","protected":false},"author":1,"featured_media":0,"parent":0,"menu_order":0,"comment_status":"closed","ping_status":"closed","template":"","meta":{"_monsterinsights_skip_tracking":false,"_monsterinsights_sitenote_active":false,"_monsterinsights_sitenote_note":"","_monsterinsights_sitenote_category":0,"footnotes":""},"class_list":["post-1998","page","type-page","status-publish","hentry","post"],"_links":{"self":[{"href":"https:\/\/institutoruthguimaraes.org.br\/site\/wp-json\/wp\/v2\/pages\/1998","targetHints":{"allow":["GET"]}}],"collection":[{"href":"https:\/\/institutoruthguimaraes.org.br\/site\/wp-json\/wp\/v2\/pages"}],"about":[{"href":"https:\/\/institutoruthguimaraes.org.br\/site\/wp-json\/wp\/v2\/types\/page"}],"author":[{"embeddable":true,"href":"https:\/\/institutoruthguimaraes.org.br\/site\/wp-json\/wp\/v2\/users\/1"}],"replies":[{"embeddable":true,"href":"https:\/\/institutoruthguimaraes.org.br\/site\/wp-json\/wp\/v2\/comments?post=1998"}],"version-history":[{"count":9,"href":"https:\/\/institutoruthguimaraes.org.br\/site\/wp-json\/wp\/v2\/pages\/1998\/revisions"}],"predecessor-version":[{"id":2734,"href":"https:\/\/institutoruthguimaraes.org.br\/site\/wp-json\/wp\/v2\/pages\/1998\/revisions\/2734"}],"wp:attachment":[{"href":"https:\/\/institutoruthguimaraes.org.br\/site\/wp-json\/wp\/v2\/media?parent=1998"}],"curies":[{"name":"wp","href":"https:\/\/api.w.org\/{rel}","templated":true}]}}