{"id":21,"date":"2020-03-13T01:13:01","date_gmt":"2020-03-13T04:13:01","guid":{"rendered":"http:\/\/institutoruthguimaraes.org.br\/site\/?page_id=21-old"},"modified":"2024-02-01T00:03:49","modified_gmt":"2024-02-01T03:03:49","slug":"atendimento-a-pesquisadores-before-import","status":"publish","type":"page","link":"https:\/\/institutoruthguimaraes.org.br\/site\/atendimento-a-pesquisadores-before-import\/","title":{"rendered":"ATENDIMENTO A PESQUISADORES"},"content":{"rendered":"<h2>Atendimento a pesquisadores<\/h2>\n<p><strong>O Instituto Ruth Guimar\u00e3es atende pesquisadores de segunda a sexta, com hor\u00e1rio agendado pelo telefone (11) 996429971. Em caso de d\u00favidas e necessidade de orienta\u00e7\u00e3o, o pesquisador pode entrar em contato pelo e-mail <a href=\"mailto:inrg1920@gmail.com\">inrg1920@gmail.com<\/a><\/strong><\/p>\n<p><strong>Venha pesquisar conosco!<\/strong><\/p>\n<p>A valoriza\u00e7\u00e3o da pesquisa \u00e9 uma diretriz do <strong>Instituto Ruth Guimar\u00e3es \u2013 INRG<\/strong>. As contribui\u00e7\u00f5es para o enriquecimento do conhecimento popular e o di\u00e1logo entre pesquisadores e professores, gestores, estagi\u00e1rios e funcion\u00e1rios da institui\u00e7\u00e3o propiciam a melhoria dos processos de elabora\u00e7\u00e3o de aprimoramento de documentos que foram deixados pela escritora: cria\u00e7\u00e3o, gest\u00e3o e desenvolvimento de estrat\u00e9gias de organiza\u00e7\u00e3o.<br \/>\nPesquisa de campo<br \/>\nUtilizando um trabalho que Ruth deixou, vamos esclarecer alguns pontos<br \/>\nMETAS<br \/>\nEstabelecer a identidade cultural<br \/>\nA FIM DE<br \/>\n1) Melhorar a qualidade de vida<br \/>\n2) Evitar o \u00eaxodo da nossa mocidade<br \/>\n3) P\u00f4r o munic\u00edpio no mapa de S\u00e3o Paulo, merc\u00ea de resolu\u00e7\u00f5es adequadas<br \/>\n4) Proporcionar lazer a todas as classes<br \/>\n5) Procurar condi\u00e7\u00f5es de aumentar a renda familiar<br \/>\n6) Atrair dinheiro de outros munic\u00edpios para o nosso mercado<br \/>\nFIM ESPECIAL<br \/>\nChegar \u00e0 voca\u00e7\u00e3o da cidade, que \u00e9 obviamente diferente de todas as outras do Vale. Atingido o fim, ipso fato, podemos trabalhar para a realiza\u00e7\u00e3o dos destinos de Cachoeira Paulista utilizando os meios apropriados.<br \/>\nPROCEDIMENTOS<br \/>\n1) Prepara\u00e7\u00e3o dos pesquisadores<br \/>\n2) Levantamento geral das atividades cachoeirenses<br \/>\n3) An\u00e1lise da pesquisa e sugest\u00f5es de aproveitamento<br \/>\nLEVANTAMENTO GERAL DAS ATIVIDADES CACHOEIRENSES<br \/>\nHist\u00f3rico do munic\u00edpio<br \/>\nLocaliza\u00e7\u00e3o<br \/>\nGeografia humana, constitui\u00e7\u00e3o \u00e9tnica, usos e costumes.<br \/>\nFinan\u00e7as \u2013 propriedades, pecu\u00e1ria, constru\u00e7\u00e3o civil<br \/>\nGeografia f\u00edsica: rios, fontes, montanhas morros, flora e fauna<br \/>\nAntropologia \u2013 arquitetura, jardins<br \/>\nFolclore \u2013 medicina caseira, lendas e mitos, culin\u00e1ria, o barro, a madeira, o papel, o pano, sementes, folhas e p\u00e9talas.<br \/>\nRESULTADOS ESPERADOS<br \/>\nNo trabalho de campo \u00e9 previsto o recolhimento de amplo material escrito, sonoro, visual e manual, o que poder\u00e1 dar ensejo a uma exposi\u00e7\u00e3o permanente ou intermitente, para visita\u00e7\u00e3o dos munic\u00edpios e conhecimento do que temos e ainda para apresenta\u00e7\u00e3o aos visitantes.<br \/>\nOutros procedimentos:<br \/>\nO registro dos aspectos culturais, folcl\u00f3ricos ou n\u00e3o, pode ficar resguardado em livro e editado. Uma distribui\u00e7\u00e3o criteriosa nos dar\u00e1 uma posi\u00e7\u00e3o privilegiada, eis que temos o que mostrar, no conjunto das cidades coevas e coespaciais.<br \/>\nTeremos formada uma equipe atuante, preparada para coletas em sequ\u00eancia. Essa equipe atuar\u00e1 como agente multiplicador, apta a confirmara valoriza\u00e7\u00e3o das caracter\u00edsticas culturais do munic\u00edpio.<br \/>\nTamb\u00e9m estaremos aptos a apontar as falhas que tornam este munic\u00edpio t\u00e3o modorrento, apesar de possuidor de um material subjacente apreci\u00e1vel e mal aproveitado, nos diversos campos da Cultura.<br \/>\nEstrat\u00e9gias: ser\u00e3o formuladas, dependendo da an\u00e1lise dos resultados finais.<br \/>\nNECESSIDADES A PARTIR DA PRIMEIRA FASE<br \/>\nLocal para reuni\u00f5es, debates e an\u00e1lise das informa\u00e7\u00f5es (al\u00e9m do Instituto Ruth Guimar\u00e3es) \u2013 sala de aula nas escolas do munic\u00edpio, centro cultural.<br \/>\nTransporte do grupo at\u00e9 os bairros, distritos, periferia.<br \/>\nImpress\u00e3o de apostilas sumarizadas<br \/>\nEm suma: autoridade, tempo espa\u00e7o<br \/>\nOBJETIVOS DA SEGUNDA FASE: LEVANTAMENTO<br \/>\n1. Produzir um levantamento das caracter\u00edsticas do munic\u00edpio de maneira que se tenha:<br \/>\n1.1 Um verdadeiro folheto de divulga\u00e7\u00e3o da cidade, para fins institucionais; e uma publica\u00e7\u00e3o completa para consulta de dados socioecon\u00f4micos, para uso em \u00f3rg\u00e3os municipais, escolas e outros servi\u00e7os essenciais.<br \/>\n1.2 Uma fonte de informa\u00e7\u00f5es sobre a cidade, que possa ser distribu\u00edda a visitantes e simpatizantes.<br \/>\n1.3 Algo concreto para ser levado pelo gestor exercendo o cargo de secret\u00e1rio ou prefeito, em suas visitas oficiais a \u00f3rg\u00e3os estaduais e federais<br \/>\nVenha pesquisar conosco!<br \/>\nVenha fazer parte desta equipe e aprender a ser um pesquisador de campo para divulgar e\/ou ser um multiplicador, um agente cultural. Queremos ampliar as parcerias para conseguir realizar um trabalho desafiador !<\/p>\n","protected":false},"excerpt":{"rendered":"<p>Atendimento a pesquisadores O Instituto Ruth Guimar\u00e3es atende pesquisadores de segunda a sexta, com hor\u00e1rio agendado pelo telefone (11) 996429971. Em caso de d\u00favidas e necessidade de orienta\u00e7\u00e3o, o pesquisador pode entrar em contato pelo e-mail inrg1920@gmail.com Venha pesquisar conosco! A valoriza\u00e7\u00e3o da pesquisa \u00e9 uma diretriz do Instituto Ruth Guimar\u00e3es \u2013 INRG. As contribui\u00e7\u00f5es [&hellip;]<\/p>\n","protected":false},"author":1,"featured_media":0,"parent":0,"menu_order":0,"comment_status":"closed","ping_status":"closed","template":"","meta":{"_monsterinsights_skip_tracking":false,"_monsterinsights_sitenote_active":false,"_monsterinsights_sitenote_note":"","_monsterinsights_sitenote_category":0,"footnotes":""},"class_list":["post-21","page","type-page","status-publish","hentry","post"],"_links":{"self":[{"href":"https:\/\/institutoruthguimaraes.org.br\/site\/wp-json\/wp\/v2\/pages\/21","targetHints":{"allow":["GET"]}}],"collection":[{"href":"https:\/\/institutoruthguimaraes.org.br\/site\/wp-json\/wp\/v2\/pages"}],"about":[{"href":"https:\/\/institutoruthguimaraes.org.br\/site\/wp-json\/wp\/v2\/types\/page"}],"author":[{"embeddable":true,"href":"https:\/\/institutoruthguimaraes.org.br\/site\/wp-json\/wp\/v2\/users\/1"}],"replies":[{"embeddable":true,"href":"https:\/\/institutoruthguimaraes.org.br\/site\/wp-json\/wp\/v2\/comments?post=21"}],"version-history":[{"count":11,"href":"https:\/\/institutoruthguimaraes.org.br\/site\/wp-json\/wp\/v2\/pages\/21\/revisions"}],"predecessor-version":[{"id":2492,"href":"https:\/\/institutoruthguimaraes.org.br\/site\/wp-json\/wp\/v2\/pages\/21\/revisions\/2492"}],"wp:attachment":[{"href":"https:\/\/institutoruthguimaraes.org.br\/site\/wp-json\/wp\/v2\/media?parent=21"}],"curies":[{"name":"wp","href":"https:\/\/api.w.org\/{rel}","templated":true}]}}