{"id":23,"date":"2020-03-13T01:13:20","date_gmt":"2020-03-13T04:13:20","guid":{"rendered":"http:\/\/institutoruthguimaraes.org.br\/site\/?page_id=23-old"},"modified":"2024-02-01T00:00:57","modified_gmt":"2024-02-01T03:00:57","slug":"visitacao-instituto-ruth-guimaraes","status":"publish","type":"page","link":"https:\/\/institutoruthguimaraes.org.br\/site\/visitacao-instituto-ruth-guimaraes\/","title":{"rendered":"VISITA\u00c7\u00c3O"},"content":{"rendered":"<h2><strong><img loading=\"lazy\" decoding=\"async\" class=\"size-medium wp-image-1397 alignleft\" src=\"https:\/\/institutoruthguimaraes.org.br\/site\/wp-content\/uploads\/2021\/02\/portao-instituto-Ruth-Guimaraes-225x300.jpeg\" alt=\"Ruth Guimar\u00e3es\" width=\"225\" height=\"300\" title=\"\" srcset=\"https:\/\/institutoruthguimaraes.org.br\/site\/wp-content\/uploads\/2021\/02\/portao-instituto-Ruth-Guimaraes-225x300.jpeg 225w, https:\/\/institutoruthguimaraes.org.br\/site\/wp-content\/uploads\/2021\/02\/portao-instituto-Ruth-Guimaraes.jpeg 756w\" sizes=\"auto, (max-width: 225px) 100vw, 225px\" \/>Visita\u00e7\u00e3o ao <\/strong><strong>Instituto Ruth Guimar\u00e3es\u00a0<\/strong><strong>2024<\/strong><\/h2>\n<p>O <strong>Instituto Ruth Guimar\u00e3es<\/strong> atravessou a pandemia provocada pela Covid-19 tomando todos os cuidados e saiu ileso. J\u00e1 recebemos v\u00e1rias escolas, de v\u00e1rias cidades da regi\u00e3o, pesquisadores de perto e de longe. Todos s\u00e3o muito bem vindos. Voc\u00ea poder\u00e1 agendar a visita de sua escola ou de seu grupo de pesquisa pelo n\u00famero de telefone: (11) 99642-9971, inclusive mandando mensagens de whatsapp. Visitas de segunda-feira a sexta-feira, das 10h \u00e0s 16h e s\u00e1bado das 10h \u00e0s 14h.<\/p>\n<p>O Instituto \u00e9 a casa onde viveu a escritora Ruth Guimar\u00e3es, uma ch\u00e1cara. Um espa\u00e7o bastante amplo, podemos receber grupos de 30 a 40 pessoas. As visitas podem tamb\u00e9m ser individuais.<br \/>\nDamos consultoria sobre a escritora e suas pesquisas folcl\u00f3ricas.<\/p>\n","protected":false},"excerpt":{"rendered":"<p>Visita\u00e7\u00e3o ao Instituto Ruth Guimar\u00e3es\u00a02024 O Instituto Ruth Guimar\u00e3es atravessou a pandemia provocada pela Covid-19 tomando todos os cuidados e saiu ileso. J\u00e1 recebemos v\u00e1rias escolas, de v\u00e1rias cidades da regi\u00e3o, pesquisadores de perto e de longe. Todos s\u00e3o muito bem vindos. Voc\u00ea poder\u00e1 agendar a visita de sua escola ou de seu grupo de [&hellip;]<\/p>\n","protected":false},"author":1,"featured_media":0,"parent":0,"menu_order":0,"comment_status":"closed","ping_status":"closed","template":"","meta":{"_monsterinsights_skip_tracking":false,"_monsterinsights_sitenote_active":false,"_monsterinsights_sitenote_note":"","_monsterinsights_sitenote_category":0,"footnotes":""},"class_list":["post-23","page","type-page","status-publish","hentry","post"],"_links":{"self":[{"href":"https:\/\/institutoruthguimaraes.org.br\/site\/wp-json\/wp\/v2\/pages\/23","targetHints":{"allow":["GET"]}}],"collection":[{"href":"https:\/\/institutoruthguimaraes.org.br\/site\/wp-json\/wp\/v2\/pages"}],"about":[{"href":"https:\/\/institutoruthguimaraes.org.br\/site\/wp-json\/wp\/v2\/types\/page"}],"author":[{"embeddable":true,"href":"https:\/\/institutoruthguimaraes.org.br\/site\/wp-json\/wp\/v2\/users\/1"}],"replies":[{"embeddable":true,"href":"https:\/\/institutoruthguimaraes.org.br\/site\/wp-json\/wp\/v2\/comments?post=23"}],"version-history":[{"count":8,"href":"https:\/\/institutoruthguimaraes.org.br\/site\/wp-json\/wp\/v2\/pages\/23\/revisions"}],"predecessor-version":[{"id":2491,"href":"https:\/\/institutoruthguimaraes.org.br\/site\/wp-json\/wp\/v2\/pages\/23\/revisions\/2491"}],"wp:attachment":[{"href":"https:\/\/institutoruthguimaraes.org.br\/site\/wp-json\/wp\/v2\/media?parent=23"}],"curies":[{"name":"wp","href":"https:\/\/api.w.org\/{rel}","templated":true}]}}