{"id":25,"date":"2020-03-13T01:13:43","date_gmt":"2020-03-13T04:13:43","guid":{"rendered":"http:\/\/institutoruthguimaraes.org.br\/site\/?page_id=25-old"},"modified":"2022-10-04T18:38:28","modified_gmt":"2022-10-04T21:38:28","slug":"contato","status":"publish","type":"page","link":"https:\/\/institutoruthguimaraes.org.br\/site\/contato\/","title":{"rendered":"CONTATO"},"content":{"rendered":"<div id=\"pl-25\"  class=\"panel-layout\" ><div id=\"pg-25-0\"  class=\"panel-grid panel-no-style\" ><div id=\"pgc-25-0-0\"  class=\"panel-grid-cell\" ><div id=\"panel-25-0-0-0\" class=\"so-panel widget widget_sow-editor panel-first-child panel-last-child\" data-index=\"0\" ><div\n\t\t\t\n\t\t\tclass=\"so-widget-sow-editor so-widget-sow-editor-base\"\n\t\t\t\n\t\t>\n<div class=\"siteorigin-widget-tinymce textwidget\">\n\t<p style=\"text-align: center;\">Contate-nos! Ser\u00e1 um prazer atend\u00ea-lo<br \/>\nD\u00favidas, pedidos, sugest\u00f5es?<br \/>\nTel: (12) 3103-4652<\/p>\n<p style=\"text-align: center;\">Email: <a href=\"mailto:contato@institutoruthguimaraes.org.br\">contato@institutoruthguimaraes.org.br<\/a><\/p>\n<\/div>\n<\/div><\/div><\/div><\/div><\/div>","protected":false},"excerpt":{"rendered":"<p>Contate-nos! Ser\u00e1 um prazer atend\u00ea-lo D\u00favidas, pedidos, sugest\u00f5es? Tel: (12) 3103-4652 Email: contato@institutoruthguimaraes.org.br<\/p>\n","protected":false},"author":1,"featured_media":0,"parent":0,"menu_order":0,"comment_status":"closed","ping_status":"closed","template":"","meta":{"_monsterinsights_skip_tracking":false,"_monsterinsights_sitenote_active":false,"_monsterinsights_sitenote_note":"","_monsterinsights_sitenote_category":0,"footnotes":""},"class_list":["post-25","page","type-page","status-publish","hentry","post"],"_links":{"self":[{"href":"https:\/\/institutoruthguimaraes.org.br\/site\/wp-json\/wp\/v2\/pages\/25","targetHints":{"allow":["GET"]}}],"collection":[{"href":"https:\/\/institutoruthguimaraes.org.br\/site\/wp-json\/wp\/v2\/pages"}],"about":[{"href":"https:\/\/institutoruthguimaraes.org.br\/site\/wp-json\/wp\/v2\/types\/page"}],"author":[{"embeddable":true,"href":"https:\/\/institutoruthguimaraes.org.br\/site\/wp-json\/wp\/v2\/users\/1"}],"replies":[{"embeddable":true,"href":"https:\/\/institutoruthguimaraes.org.br\/site\/wp-json\/wp\/v2\/comments?post=25"}],"version-history":[{"count":11,"href":"https:\/\/institutoruthguimaraes.org.br\/site\/wp-json\/wp\/v2\/pages\/25\/revisions"}],"predecessor-version":[{"id":1904,"href":"https:\/\/institutoruthguimaraes.org.br\/site\/wp-json\/wp\/v2\/pages\/25\/revisions\/1904"}],"wp:attachment":[{"href":"https:\/\/institutoruthguimaraes.org.br\/site\/wp-json\/wp\/v2\/media?parent=25"}],"curies":[{"name":"wp","href":"https:\/\/api.w.org\/{rel}","templated":true}]}}